{"id":638,"date":"2018-12-10T19:57:34","date_gmt":"2018-12-10T19:57:34","guid":{"rendered":"http:\/\/tech2.de\/?page_id=638"},"modified":"2025-08-21T10:04:47","modified_gmt":"2025-08-21T08:04:47","slug":"impressum","status":"publish","type":"page","link":"https:\/\/tech2.de\/en\/impressum\/","title":{"rendered":"Imprint"},"content":{"rendered":"<p>[et_pb_section fb_built=\u201c1\u2033 admin_label=\u201csection\u201c _builder_version=\u201c4.16\u2033 global_colors_info=\u201c{}\u201c][et_pb_row admin_label=\u201crow\u201c _builder_version=\u201c4.16\u2033 background_size=\u201cinitial\u201c background_position=\u201ctop_left\u201c background_repeat=\u201crepeat\u201c global_colors_info=\u201c{}\u201c][et_pb_column type=\u201c4_4\u2033 _builder_version=\u201c4.16\u2033 custom_padding=\u201c|||\u201c global_colors_info=\u201c{}\u201c custom_padding__hover=\u201c|||\u201c][et_pb_text admin_label=\u201cText\u201c _builder_version=\u201c4.27.4\u2033 background_size=\u201cinitial\u201c background_position=\u201ctop_left\u201c background_repeat=\u201crepeat\u201c hover_enabled=\u201c0\u2033 global_colors_info=\u201c{}\u201c sticky_enabled=\u201c0\u2033]<strong>Anbie\u00adter<\/strong><br>\nTech2&nbsp;GmbH<br>\nWai\u00adner Str. 13\/1<br>\n89165 Dietenheim<\/p>\n<p><strong>Ver\u00adtre\u00adten&nbsp;durch<br>\n<\/strong>Den\u00adnis&nbsp;Marz<\/p>\n<p><strong>Cont\u00adact<\/strong><br>\nTele\u00adfon: +49 173 449 58&nbsp;77<br>\nE\u2011Mail: info@tech2.de<br>\nWeb\u00adsite: <a href=\"https:\/\/tech2.de\/en\/\">www.tech2.de<\/a><\/p>\n<p>Regis\u00adter\u00adge\u00adricht: <span class=\"caps\">HRB<\/span> 734772 \u2013 Amts\u00adge\u00adricht&nbsp;Ulm<br>\nUSt-IdNr.: <span class=\"caps\">DE310736349<\/span><br>\nGesch\u00e4fts\u00adf\u00fch\u00adrer: Den\u00adnis&nbsp;Marz<\/p>\n<p><strong>Haf\u00adtung f\u00fcr Inhalte<\/strong><br>\nDie Inhal\u00adte unse\u00adrer Sei\u00adten wur\u00adden mit gr\u00f6\u00df\u00adter Sorg\u00adfalt erstellt. F\u00fcr die Rich\u00adtig\u00adkeit, Voll\u00adst\u00e4n\u00addig\u00adkeit und Aktua\u00adli\u00adt\u00e4t der Inhal\u00adte k\u00f6n\u00adnen wir jedoch kei\u00adne Gew\u00e4hr \u00fcber\u00adneh\u00admen. Als Diens\u00adte\u00adan\u00adbie\u00adter sind wir gem\u00e4\u00df \u00a7 7 Abs.1 <span class=\"caps\">TMG<\/span> f\u00fcr eige\u00adne Inhal\u00adte auf die\u00adsen Sei\u00adten nach den all\u00adge\u00admei\u00adnen Geset\u00adzen ver\u00adant\u00adwort\u00adlich. Nach \u00a7\u00a7 8 bis 10 <span class=\"caps\">TMG<\/span> sind wir als Diens\u00adte\u00adan\u00adbie\u00adter jedoch nicht ver\u00adpflich\u00adtet, \u00fcber\u00admit\u00adtel\u00adte oder gespei\u00adcher\u00adte frem\u00adde Infor\u00adma\u00adtio\u00adnen zu \u00fcber\u00adwa\u00adchen oder nach Umst\u00e4n\u00adden zu for\u00adschen, die auf eine rechts\u00adwid\u00adri\u00adge T\u00e4tig\u00adkeit hin\u00adwei\u00adsen. Ver\u00adpflich\u00adtun\u00adgen zur Ent\u00adfer\u00adnung oder Sper\u00adrung der Nut\u00adzung von Infor\u00adma\u00adtio\u00adnen nach den all\u00adge\u00admei\u00adnen Geset\u00adzen blei\u00adben hier\u00advon unbe\u00adr\u00fchrt. Eine dies\u00adbe\u00adz\u00fcg\u00adli\u00adche Haf\u00adtung ist jedoch erst ab dem Zeit\u00adpunkt der Kennt\u00adnis einer kon\u00adkre\u00adten Rechts\u00adver\u00adlet\u00adzung m\u00f6g\u00adlich. Bei Bekannt\u00adwer\u00adden von ent\u00adspre\u00adchen\u00adden Rechts\u00adver\u00adlet\u00adzun\u00adgen wer\u00adden wir die\u00adse Inhal\u00adte umge\u00adhend ent\u00adfer\u00adnen. Haf\u00adtung f\u00fcr&nbsp;Links<\/p>\n<p><strong>Haf\u00adtung f\u00fcr&nbsp;Links<\/strong><br>\nUnser Ange\u00adbot ent\u00adh\u00e4lt Links zu exter\u00adnen Web\u00adsei\u00adten Drit\u00adter, auf deren Inhal\u00adte wir kei\u00adnen Ein\u00adfluss haben. Des\u00adhalb k\u00f6n\u00adnen wir f\u00fcr die\u00adse frem\u00adden Inhal\u00adte auch kei\u00adne Gew\u00e4hr \u00fcber\u00adneh\u00admen. F\u00fcr die Inhal\u00adte der ver\u00adlink\u00adten Sei\u00adten ist stets der jewei\u00adli\u00adge Anbie\u00adter oder Betrei\u00adber der Sei\u00adten ver\u00adant\u00adwort\u00adlich. Die ver\u00adlink\u00adten Sei\u00adten wur\u00adden zum Zeit\u00adpunkt der Ver\u00adlin\u00adkung auf m\u00f6g\u00adli\u00adche Rechts\u00adver\u00adst\u00f6\u00ad\u00dfe \u00fcber\u00adpr\u00fcft. Rechts\u00adwid\u00adri\u00adge Inhal\u00adte waren zum Zeit\u00adpunkt der Ver\u00adlin\u00adkung nicht erkenn\u00adbar. Eine per\u00adma\u00adnen\u00adte inhalt\u00adli\u00adche Kon\u00adtrol\u00adle der ver\u00adlink\u00adten Sei\u00adten ist jedoch ohne kon\u00adkre\u00adte Anhalts\u00adpunk\u00adte einer Rechts\u00adver\u00adlet\u00adzung nicht zumut\u00adbar. Bei Bekannt\u00adwer\u00adden von Rechts\u00adver\u00adlet\u00adzun\u00adgen wer\u00adden wir der\u00adar\u00adti\u00adge Links umge\u00adhend entfernen.[\/et_pb_text][\/et_pb_column][\/et_pb_row][\/et_pb_section]<\/p>","protected":false},"excerpt":{"rendered":"<p>Anbie\u00adter Tech2 GmbH Wai\u00adner Str. 13\/1 89165 Die\u00adten\u00adheim Ver\u00adtre\u00adten durch Den\u00adnis Marz Kon\u00adtakt Tele\u00adfon: +49 173 449 58 77 E\u2011Mail: info@tech2.de Web\u00adsite: www.tech2.de Regis\u00adter\u00adge\u00adricht: <span class=\"caps\">HRB<\/span> 734772 \u2013 Amts\u00adge\u00adricht Ulm USt-IdNr.: <span class=\"caps\">DE310736349<\/span> Gesch\u00e4fts\u00adf\u00fch\u00adrer: Den\u00adnis Marz Haf\u00adtung f\u00fcr Inhal\u00adte Die Inhal\u00adte unse\u00adrer Sei\u00adten wur\u00adden mit gr\u00f6\u00df\u00adter Sorg\u00adfalt erstellt. F\u00fcr die Rich\u00adtig\u00adkeit, Voll\u00adst\u00e4n\u00addig\u00adkeit und Aktua\u00adli\u00adt\u00e4t der Inhal\u00adte k\u00f6nnen&nbsp;[\u2026]<\/p>","protected":false},"author":1,"featured_media":0,"parent":0,"menu_order":0,"comment_status":"closed","ping_status":"closed","template":"","meta":{"_et_pb_use_builder":"on","_et_pb_old_content":"<strong>Anbieter<\/strong>\r\nTech2 GmbH\r\nSchulthei\u00df-H\u00e4u\u00dfler-Stra\u00dfe 44\r\n89165 Dietenheim\r\n\r\n<strong>Vertreten durch\r\n<\/strong>Dennis Marz\r\n\r\n<strong>Kontakt<\/strong>\r\nTelefon: +49 173 449 58 77\r\nE-Mail: info@tech2.de\r\nWebsite: <a href=\"http:\/\/www.tech2.de\">www.tech2.de<\/a>\r\n\r\nRegistergericht: HRB 734772 - Amtsgericht Ulm\r\nUSt-IdNr.: DE310736349\r\nGesch\u00e4ftsf\u00fchrer: Dennis Marz\r\n\r\n<strong>Haftung f\u00fcr Inhalte<\/strong>\r\nDie Inhalte unserer Seiten wurden mit gr\u00f6\u00dfter Sorgfalt erstellt. F\u00fcr die Richtigkeit, Vollst\u00e4ndigkeit und Aktualit\u00e4t der Inhalte k\u00f6nnen wir jedoch keine Gew\u00e4hr \u00fcbernehmen. Als Diensteanbieter sind wir gem\u00e4\u00df \u00a7 7 Abs.1 TMG f\u00fcr eigene Inhalte auf diesen Seiten nach den allgemeinen Gesetzen verantwortlich. Nach \u00a7\u00a7 8 bis 10 TMG sind wir als Diensteanbieter jedoch nicht verpflichtet, \u00fcbermittelte oder gespeicherte fremde Informationen zu \u00fcberwachen oder nach Umst\u00e4nden zu forschen, die auf eine rechtswidrige T\u00e4tigkeit hinweisen. Verpflichtungen zur Entfernung oder Sperrung der Nutzung von Informationen nach den allgemeinen Gesetzen bleiben hiervon unber\u00fchrt. Eine diesbez\u00fcgliche Haftung ist jedoch erst ab dem Zeitpunkt der Kenntnis einer konkreten Rechtsverletzung m\u00f6glich. Bei Bekanntwerden von entsprechenden Rechtsverletzungen werden wir diese Inhalte umgehend entfernen. Haftung f\u00fcr Links\r\n\r\n<strong>Haftung f\u00fcr Links<\/strong>\r\nUnser Angebot enth\u00e4lt Links zu externen Webseiten Dritter, auf deren Inhalte wir keinen Einfluss haben. Deshalb k\u00f6nnen wir f\u00fcr diese fremden Inhalte auch keine Gew\u00e4hr \u00fcbernehmen. F\u00fcr die Inhalte der verlinkten Seiten ist stets der jeweilige Anbieter oder Betreiber der Seiten verantwortlich. Die verlinkten Seiten wurden zum Zeitpunkt der Verlinkung auf m\u00f6gliche Rechtsverst\u00f6\u00dfe \u00fcberpr\u00fcft. Rechtswidrige Inhalte waren zum Zeitpunkt der Verlinkung nicht erkennbar. Eine permanente inhaltliche Kontrolle der verlinkten Seiten ist jedoch ohne konkrete Anhaltspunkte einer Rechtsverletzung nicht zumutbar. Bei Bekanntwerden von Rechtsverletzungen werden wir derartige Links umgehend entfernen.","_et_gb_content_width":"","wp_typography_post_enhancements_disabled":false,"footnotes":""},"class_list":["post-638","page","type-page","status-publish","hentry"],"_links":{"self":[{"href":"https:\/\/tech2.de\/en\/wp-json\/wp\/v2\/pages\/638","targetHints":{"allow":["GET"]}}],"collection":[{"href":"https:\/\/tech2.de\/en\/wp-json\/wp\/v2\/pages"}],"about":[{"href":"https:\/\/tech2.de\/en\/wp-json\/wp\/v2\/types\/page"}],"author":[{"embeddable":true,"href":"https:\/\/tech2.de\/en\/wp-json\/wp\/v2\/users\/1"}],"replies":[{"embeddable":true,"href":"https:\/\/tech2.de\/en\/wp-json\/wp\/v2\/comments?post=638"}],"version-history":[{"count":0,"href":"https:\/\/tech2.de\/en\/wp-json\/wp\/v2\/pages\/638\/revisions"}],"wp:attachment":[{"href":"https:\/\/tech2.de\/en\/wp-json\/wp\/v2\/media?parent=638"}],"curies":[{"name":"wp","href":"https:\/\/api.w.org\/{rel}","templated":true}]}}